{"id":6049,"date":"2019-09-15T17:38:26","date_gmt":"2019-09-15T22:38:26","guid":{"rendered":"http:\/\/www.juniors.com.mx\/online\/?page_id=6049"},"modified":"2019-09-15T17:48:55","modified_gmt":"2019-09-15T22:48:55","slug":"acerca-de-nosotros","status":"publish","type":"page","link":"https:\/\/www.juniors.com.mx\/online\/acerca-de-nosotros\/","title":{"rendered":"Acerca de nosotros"},"content":{"rendered":"<div class=\"wpb-content-wrapper\"><p>[vc_row][vc_column][vc_empty_space height=&#8221;50px&#8221;][vc_column_text]<\/p>\n<h2 style=\"text-align: center;\">Misi\u00f3n, Visi\u00f3n y Valores<\/h2>\n<p>[\/vc_column_text][\/vc_column][\/vc_row][vc_row][vc_column][vc_empty_space height=&#8221;50px&#8221;][\/vc_column][\/vc_row][vc_row][vc_column width=&#8221;1\/2&#8243;][vc_empty_space height=&#8221;80px&#8221;][vc_column_text]<\/p>\n<p style=\"text-align: justify;\"><span style=\"font-size: 14pt; font-family: arial, helvetica, sans-serif; color: #f59936;\">En\u00a0<strong>Juniors<\/strong>\u00a0sabemos lo importante que es conocer tu\u00a0meta y el camino que se ha de tomar para llegar con \u00e9xito a ella. Por eso compartimos contigo nuestra\u00a0<em>Misi\u00f3n<\/em>,\u00a0<em>Visi\u00f3n<\/em>\u00a0y\u00a0<em>Valores<\/em>, que son la carta norte por la que se rige esta\u00a0empresa y donde\u00a0<strong>nuestros clientes son lo m\u00e1s importante<\/strong>.<\/span><\/p>\n<p>[\/vc_column_text][\/vc_column][vc_column width=&#8221;1\/2&#8243;][vc_tta_tabs][vc_tta_section title=&#8221;Misi\u00f3n&#8221; tab_id=&#8221;1568584681039-5bc241ac-dab0&#8243;][vc_column_text]<\/p>\n<p style=\"text-align: justify;\"><span style=\"font-family: arial, helvetica, sans-serif; font-size: 14pt; color: #f59936;\">Compartimos\u00a0<em>felicidad<\/em>\u00a0en los hogares, llevando productos y servicios que favorecen tu\u00a0<em>calidad de vida<\/em>, a trav\u00e9s de un equipo humano, competitivo y comprometido con la satisfacci\u00f3n de nuestros clientes y el desarrollo de nuestros colaboradores, proveedores y socios.<\/span><\/p>\n<p>[\/vc_column_text][\/vc_tta_section][vc_tta_section title=&#8221;Visi\u00f3n&#8221; tab_id=&#8221;1568584681054-0c3b00a7-49fc&#8221;][vc_column_text]<\/p>\n<p style=\"text-align: justify;\"><span style=\"font-family: arial, helvetica, sans-serif; font-size: 14pt; color: #f59936;\">Vernos como\u00a0<em>l\u00edderes<\/em>\u00a0en la comercializaci\u00f3n de productos para el hogar, desarrollando, posicionando y aumentando la participaci\u00f3n y prestigio de nuestras unidades de negocio, lo cual ser\u00e1 posible mediante la\u00a0<em>innovaci\u00f3n<\/em>\u00a0y el<em>compromiso<\/em>\u00a0de nuestro equipo humano.<\/span><\/p>\n<p>[\/vc_column_text][\/vc_tta_section][vc_tta_section title=&#8221;Valores&#8221; tab_id=&#8221;1568584755823-fb901e71-851f&#8221;][vc_column_text]<span style=\"color: #f59936; font-family: arial, helvetica, sans-serif; font-size: 14pt;\">\u2192 Trabajo en equipo<\/span><\/p>\n<p><span style=\"color: #f59936; font-family: arial, helvetica, sans-serif; font-size: 14pt;\">\u2192 Honestidad<\/span><\/p>\n<p><span style=\"color: #f59936; font-family: arial, helvetica, sans-serif; font-size: 14pt;\">\u2192 Calidad y Calidez<\/span><\/p>\n<p><span style=\"color: #f59936; font-family: arial, helvetica, sans-serif; font-size: 14pt;\">\u2192 Identidad Corporativa<\/span><\/p>\n<p><span style=\"color: #f59936; font-family: arial, helvetica, sans-serif; font-size: 14pt;\">\u2192 Aprendizaje Organizacional<\/span><\/p>\n<p><span style=\"color: #f59936; font-family: arial, helvetica, sans-serif; font-size: 14pt;\">\u2192 Rentabilidad<\/span><\/p>\n<p><span style=\"color: #f59936; font-family: arial, helvetica, sans-serif; font-size: 14pt;\">\u2192 Orientados al cliente<\/span><\/p>\n<p><span style=\"font-family: arial, helvetica, sans-serif; font-size: 14pt; color: #f59936;\">\u2192 Comunicaci\u00f3n<\/span><\/p>\n<p><span style=\"font-family: arial, helvetica, sans-serif; font-size: 14pt; color: #f59936;\">\u2192 Innovadores y receptivos al cambio<\/span>[\/vc_column_text][\/vc_tta_section][\/vc_tta_tabs][\/vc_column][\/vc_row][vc_row][vc_column][vc_empty_space height=&#8221;50px&#8221;][vc_single_image image=&#8221;6050&#8243; img_size=&#8221;full&#8221; alignment=&#8221;center&#8221;][\/vc_column][\/vc_row][vc_row disable_element=&#8221;yes&#8221;][vc_column][vc_column_text]<\/p>\n<h3>Historia<\/h3>\n<p><b>El inicio<\/b><\/p>\n<p>Inici\u00f3 operaciones en a\u00f1o de <b>1995<\/b> y estaba ubicaba en el domicilio de la familia S\u00e1nchez Ruiz, donde 3 j\u00f3venes hermanos emprendedores inician operaciones comerciales en la ciudad de Oaxaca, convirtiendo un negocio familiar dedicado a la venta de electrodom\u00e9sticos y art\u00edculos de cocina.<\/p>\n<p>&nbsp;<\/p>\n<p>Iniciaron la distribuci\u00f3n mediante\u00a0 el uso\u00a0 del trasporte p\u00fablico; Se trasladaban a comunidades cercanas del valle de Oaxaca.<\/p>\n<p>Para <b>1998<\/b> ya contaban con una camioneta de reparto y comenzaron a llegar a mas poblaciones del valle de Oaxaca, llevando a mas hogares productos que mejoraron la calidad de vida de sus familias, mediante precios accesibles.<\/p>\n<p>En el a\u00f1o <b>2000 <\/b>invirtieron en la adquisici\u00f3n de una flotilla importante de camionetas de ventas y reparto, llegando a la Sierra Norte, Sierra Sur, Valles Centrales y parte del Istmo. Generando con esto una buena fuente de empleos.<\/p>\n<p>&nbsp;<\/p>\n<p>&nbsp;<\/p>\n<p>En el a\u00f1o <b>2003<\/b> abrieron una tienda de ventas en Puerto Escondido, Oaxaca.<\/p>\n<p>&nbsp;<\/p>\n<p>&nbsp;<\/p>\n<p>En el a\u00f1o <strong>2009<\/strong> la empresa ya con presencia en la zona, empieza a diversificar sus operaciones y empieza a crear nuevas unidades de negocio como una agencia de motos en la ciudad de Puerto Escondido en avenida Oaxaca 605 JUNIOR&#8217;S CARABELA abriendo sus puertas en el a\u00f1o 2010 , siendo in naurada por el Sr Elpidio S\u00e1nchez Bautista (padre) el entonces agente municipal , Jes\u00fas Irving Mendoza y Jos\u00e9 Alfredo S\u00e1nchez Ruiz director general y todo un gran equipo humano, clientes y amigos que ya se ten\u00edan.<\/p>\n<p>&nbsp;<\/p>\n<p>&nbsp;<\/p>\n<p>En el a\u00f1o <b>2011<\/b> se hace otra de inversi\u00f3n fuerte, creando\u00a0as\u00ed <b>Mega <\/b><b>JUNIOR\u2019S<\/b>, tienda con m\u00e1s de 1000 metros cuadrados.<\/p>\n<p>Abri\u00f3 sus puertas el 20 de noviembre del a\u00f1o 2012, y para ese entonces en el ramo de cambaceo la empresa ya estaba en toda la costa de Oaxaca, parte del Istmo y toda la Sierra Sur.<\/p>\n<p>&nbsp;<\/p>\n<p>&nbsp;<\/p>\n<p>&nbsp;<\/p>\n<p>&nbsp;<\/p>\n<p>&nbsp;<\/p>\n<p>[\/vc_column_text][\/vc_column][\/vc_row]<\/p>\n<\/div>","protected":false},"excerpt":{"rendered":"<p>[vc_row][vc_column][vc_empty_space height=&#8221;50px&#8221;][vc_column_text] Misi\u00f3n, Visi\u00f3n y Valores [\/vc_column_text][\/vc_column][\/vc_row][vc_row][vc_column][vc_empty_space height=&#8221;50px&#8221;][\/vc_column][\/vc_row][vc_row][vc_column width=&#8221;1\/2&#8243;][vc_empty_space height=&#8221;80px&#8221;][vc_column_text] En\u00a0Juniors\u00a0sabemos lo importante que es conocer tu\u00a0meta y el camino que se ha de tomar para llegar con \u00e9xito a<\/p>\n","protected":false},"author":1,"featured_media":0,"parent":0,"menu_order":0,"comment_status":"closed","ping_status":"closed","template":"","meta":{"_acf_changed":false,"_joinchat":[],"footnotes":""},"class_list":["post-6049","page","type-page","status-publish","hentry"],"acf":[],"_links":{"self":[{"href":"https:\/\/www.juniors.com.mx\/online\/wp-json\/wp\/v2\/pages\/6049","targetHints":{"allow":["GET"]}}],"collection":[{"href":"https:\/\/www.juniors.com.mx\/online\/wp-json\/wp\/v2\/pages"}],"about":[{"href":"https:\/\/www.juniors.com.mx\/online\/wp-json\/wp\/v2\/types\/page"}],"author":[{"embeddable":true,"href":"https:\/\/www.juniors.com.mx\/online\/wp-json\/wp\/v2\/users\/1"}],"replies":[{"embeddable":true,"href":"https:\/\/www.juniors.com.mx\/online\/wp-json\/wp\/v2\/comments?post=6049"}],"version-history":[{"count":7,"href":"https:\/\/www.juniors.com.mx\/online\/wp-json\/wp\/v2\/pages\/6049\/revisions"}],"predecessor-version":[{"id":9168,"href":"https:\/\/www.juniors.com.mx\/online\/wp-json\/wp\/v2\/pages\/6049\/revisions\/9168"}],"wp:attachment":[{"href":"https:\/\/www.juniors.com.mx\/online\/wp-json\/wp\/v2\/media?parent=6049"}],"curies":[{"name":"wp","href":"https:\/\/api.w.org\/{rel}","templated":true}]}}