{"id":6070,"date":"2019-09-15T18:06:10","date_gmt":"2019-09-15T23:06:10","guid":{"rendered":"http:\/\/www.juniors.com.mx\/online\/?page_id=6070"},"modified":"2019-09-15T18:51:14","modified_gmt":"2019-09-15T23:51:14","slug":"credi-sanruz","status":"publish","type":"page","link":"https:\/\/www.juniors.com.mx\/online\/credi-sanruz\/","title":{"rendered":"Credi Sanruz"},"content":{"rendered":"<div class=\"wpb-content-wrapper\"><p>[vc_row][vc_column][vc_empty_space height=&#8221;50px&#8221;][vc_headings style=&#8221;theme2&#8243; linewidth=&#8221;300&#8243; borderwidth=&#8221;1&#8243; borderclr=&#8221;#000000&#8243; title=&#8221;Credi Sanruz&#8221; titlesize=&#8221;35&#8243; titleclr=&#8221;#000000&#8243; caption_url=&#8221;&#8221;]<\/p>\n<div class=\"sub\" style=\"text-align: center;\">\n<p><span style=\"font-size: 14pt;\">Ll\u00e9vate todo lo que necesitas <\/span><\/p>\n<div id=\"nitro_custom_css_988430901\" class=\"pr nitro-heading tc\">\n<div class=\"desc\" style=\"text-align: center;\"><span style=\"font-size: 14pt;\">\u00a1Aprobamos tu cr\u00e9dito en 30 minutos!<\/span><\/div>\n<div class=\"sep line top\"><\/div>\n<\/div>\n<\/div>\n<p>[\/vc_headings][vc_empty_space][\/vc_column][\/vc_row][vc_row][vc_column width=&#8221;1\/2&#8243;][vc_single_image image=&#8221;6073&#8243; img_size=&#8221;large&#8221; alignment=&#8221;center&#8221;][\/vc_column][vc_column width=&#8221;1\/2&#8243;][vc_empty_space height=&#8221;120px&#8221;][vc_column_text]<span style=\"font-size: 16pt;\">Con m\u00ednimos requisitos, nuestros asesores te ayudar\u00e1n a obtener tu\u00a0<strong>Credi SANRUZ<\/strong>\u00a0de manera f\u00e1cil y r\u00e1pida. S\u00f3lo se requiere\u00a0una identificaci\u00f3n oficial, un comprobante de domicilio y tu solicitud firmada.<\/span><\/p>\n<p>&nbsp;<\/p>\n<p>&nbsp;<\/p>\n<p><span style=\"font-size: 16pt;\">En 30 minutos daremos respuesta a tu solicitud, para que puedas llevarte todo lo que necesitas en pagos fijos y c\u00f3modos, en el plazo que m\u00e1s te convenga.<\/span>[\/vc_column_text][vc_btn title=&#8221;Cont\u00e1ctanos&#8221; color=&#8221;warning&#8221; align=&#8221;center&#8221; i_icon_fontawesome=&#8221;fa fa-envelope&#8221; css_animation=&#8221;bounceIn&#8221; add_icon=&#8221;true&#8221;][\/vc_column][\/vc_row]<\/p>\n<\/div>","protected":false},"excerpt":{"rendered":"<p>[vc_row][vc_column][vc_empty_space height=&#8221;50px&#8221;][vc_headings style=&#8221;theme2&#8243; linewidth=&#8221;300&#8243; borderwidth=&#8221;1&#8243; borderclr=&#8221;#000000&#8243; title=&#8221;Credi Sanruz&#8221; titlesize=&#8221;35&#8243; titleclr=&#8221;#000000&#8243; caption_url=&#8221;&#8221;] Ll\u00e9vate todo lo que necesitas \u00a1Aprobamos tu cr\u00e9dito en 30 minutos! [\/vc_headings][vc_empty_space][\/vc_column][\/vc_row][vc_row][vc_column width=&#8221;1\/2&#8243;][vc_single_image image=&#8221;6073&#8243; img_size=&#8221;large&#8221; alignment=&#8221;center&#8221;][\/vc_column][vc_column width=&#8221;1\/2&#8243;][vc_empty_space height=&#8221;120px&#8221;][vc_column_text]Con m\u00ednimos<\/p>\n","protected":false},"author":1,"featured_media":0,"parent":0,"menu_order":0,"comment_status":"closed","ping_status":"closed","template":"","meta":{"_acf_changed":false,"_joinchat":[],"footnotes":""},"class_list":["post-6070","page","type-page","status-publish","hentry"],"acf":[],"_links":{"self":[{"href":"https:\/\/www.juniors.com.mx\/online\/wp-json\/wp\/v2\/pages\/6070","targetHints":{"allow":["GET"]}}],"collection":[{"href":"https:\/\/www.juniors.com.mx\/online\/wp-json\/wp\/v2\/pages"}],"about":[{"href":"https:\/\/www.juniors.com.mx\/online\/wp-json\/wp\/v2\/types\/page"}],"author":[{"embeddable":true,"href":"https:\/\/www.juniors.com.mx\/online\/wp-json\/wp\/v2\/users\/1"}],"replies":[{"embeddable":true,"href":"https:\/\/www.juniors.com.mx\/online\/wp-json\/wp\/v2\/comments?post=6070"}],"version-history":[{"count":10,"href":"https:\/\/www.juniors.com.mx\/online\/wp-json\/wp\/v2\/pages\/6070\/revisions"}],"predecessor-version":[{"id":6081,"href":"https:\/\/www.juniors.com.mx\/online\/wp-json\/wp\/v2\/pages\/6070\/revisions\/6081"}],"wp:attachment":[{"href":"https:\/\/www.juniors.com.mx\/online\/wp-json\/wp\/v2\/media?parent=6070"}],"curies":[{"name":"wp","href":"https:\/\/api.w.org\/{rel}","templated":true}]}}