{"id":6838,"date":"2020-01-27T18:48:17","date_gmt":"2020-01-28T00:48:17","guid":{"rendered":"http:\/\/www.juniors.com.mx\/online\/?post_type=product&#038;p=6838"},"modified":"2020-01-28T09:46:32","modified_gmt":"2020-01-28T15:46:32","slug":"ropero-bosnia","status":"publish","type":"product","link":"https:\/\/www.juniors.com.mx\/online\/product\/ropero-bosnia\/","title":{"rendered":"Ropero Bosnia &#8211; alt&#8217;ba"},"content":{"rendered":"<p style=\"text-align: justify;\"><span style=\"font-size: 12pt;\">El ropero Bosnia cuenta con una puerta superior a la izquierda esta puerta es abatible con pist\u00f3n de gas lo que da la seguridad de mantenerse abierta hasta que usted decida cerrarla, cuenta con dos puertas largas que en su interior tienen un tubo cromado ideal para colgar sus prendas de vestir en las puertas cuenta con corbateros sus dos puertas inferiores abatibles son especiales para colocar zapatos, cuenta con una puerta con espejo ideal para colocar art\u00edculos de cuidado personal o prendas ya que tiene dos entre-pa\u00f1os internos, sus cajones son f\u00e1ciles de abrir y cerrar por su corredera met\u00e1lica, cuenta con ruedas para f\u00e1cil, deslizamiento. Cuenta con detalles de acero inoxidable y combinaci\u00f3n de colores. <\/span><\/p>\n<p style=\"text-align: justify;\"><span style=\"font-size: 12pt;\">\u00a0<\/span><\/p>\n<p style=\"text-align: justify;\"><span style=\"font-size: 12pt;\"><u>Dimensiones:<\/u> Alto: 186 cm x Ancho: 132 cm x Fondo: 57 cm<\/span><\/p>\n","protected":false},"excerpt":{"rendered":"<p><span style=\"font-family: arial, helvetica, sans-serif; font-size: 12pt;\"><strong>Dimensiones<\/strong>:<\/span><\/p>\n<ul>\n<li><span style=\"font-family: arial, helvetica, sans-serif; font-size: 12pt;\">Ancho: 132 cm <\/span><\/li>\n<li><span style=\"font-family: arial, helvetica, sans-serif; font-size: 12pt;\">Fondo: 57 cm<\/span><\/li>\n<li><span style=\"font-family: arial, helvetica, sans-serif; font-size: 12pt;\">Alto: 186 cm<\/span><\/li>\n<\/ul>\n<p><strong><span style=\"font-size: 14pt; font-family: arial, helvetica, sans-serif; color: #262e75;\">Llev\u00e1telo a cr\u00e9dito o de contado<\/span><\/strong><\/p>\n<p><img loading=\"lazy\" decoding=\"async\" class=\"alignnone wp-image-5647\" src=\"http:\/\/www.juniors.com.mx\/online\/wp-content\/uploads\/2019\/08\/credi-sanruz-2-300x196.png\" alt=\"\" width=\"257\" height=\"168\" srcset=\"https:\/\/www.juniors.com.mx\/online\/wp-content\/uploads\/2019\/08\/credi-sanruz-2-300x196.png 300w, https:\/\/www.juniors.com.mx\/online\/wp-content\/uploads\/2019\/08\/credi-sanruz-2-600x393.png 600w, https:\/\/www.juniors.com.mx\/online\/wp-content\/uploads\/2019\/08\/credi-sanruz-2-768x502.png 768w, https:\/\/www.juniors.com.mx\/online\/wp-content\/uploads\/2019\/08\/credi-sanruz-2-1024x670.png 1024w, https:\/\/www.juniors.com.mx\/online\/wp-content\/uploads\/2019\/08\/credi-sanruz-2.png 1559w\" sizes=\"auto, (max-width: 257px) 100vw, 257px\" \/><\/p>\n<p><strong><span style=\"font-size: 14pt; font-family: arial, helvetica, sans-serif; color: #262e75;\">Consulta disponibilidad y precios en tu sucursal mas cercana.<\/span><\/strong><\/p>\n","protected":false},"featured_media":6841,"template":"","meta":{"_acf_changed":false,"_joinchat":[]},"product_brand":[],"product_cat":[410],"product_tag":[],"class_list":{"0":"post-6838","1":"product","2":"type-product","3":"status-publish","4":"has-post-thumbnail","6":"product_cat-roperos","7":"pa_marca-altba","9":"first","10":"instock","11":"shipping-taxable","12":"product-type-simple"},"acf":[],"_links":{"self":[{"href":"https:\/\/www.juniors.com.mx\/online\/wp-json\/wp\/v2\/product\/6838","targetHints":{"allow":["GET"]}}],"collection":[{"href":"https:\/\/www.juniors.com.mx\/online\/wp-json\/wp\/v2\/product"}],"about":[{"href":"https:\/\/www.juniors.com.mx\/online\/wp-json\/wp\/v2\/types\/product"}],"wp:featuredmedia":[{"embeddable":true,"href":"https:\/\/www.juniors.com.mx\/online\/wp-json\/wp\/v2\/media\/6841"}],"wp:attachment":[{"href":"https:\/\/www.juniors.com.mx\/online\/wp-json\/wp\/v2\/media?parent=6838"}],"wp:term":[{"taxonomy":"product_brand","embeddable":true,"href":"https:\/\/www.juniors.com.mx\/online\/wp-json\/wp\/v2\/product_brand?post=6838"},{"taxonomy":"product_cat","embeddable":true,"href":"https:\/\/www.juniors.com.mx\/online\/wp-json\/wp\/v2\/product_cat?post=6838"},{"taxonomy":"product_tag","embeddable":true,"href":"https:\/\/www.juniors.com.mx\/online\/wp-json\/wp\/v2\/product_tag?post=6838"}],"curies":[{"name":"wp","href":"https:\/\/api.w.org\/{rel}","templated":true}]}}