{"id":7274,"date":"2020-03-13T10:11:53","date_gmt":"2020-03-13T16:11:53","guid":{"rendered":"http:\/\/www.juniors.com.mx\/online\/?post_type=product&#038;p=7274"},"modified":"2020-03-29T13:31:13","modified_gmt":"2020-03-29T19:31:13","slug":"termo-5-galones-igloo","status":"publish","type":"product","link":"https:\/\/www.juniors.com.mx\/online\/product\/termo-5-galones-igloo\/","title":{"rendered":"Termo 5 Galones Igloo"},"content":{"rendered":"<p><span style=\"font-family: arial, helvetica, sans-serif; font-size: 12pt;\">\u00a1Ideal para encuentros deportivos, campamentos o alg\u00fan otro evento social!<\/span><br \/>\n<span style=\"font-family: arial, helvetica, sans-serif; font-size: 12pt;\">El <b>Termo Igloo <\/b>te permite transportar de forma segura tus bebidas ya que posee manijas reforzadas y un cord\u00f3n para asegurar la tapa a la manija. La tapa se cierra a presi\u00f3n, mantendr\u00e1 en la temperatura ideal tus bebidas o el hielo almacenado.<\/span><br \/>\n<span style=\"font-family: arial, helvetica, sans-serif; font-size: 12pt;\">El <b>termo Igloo<\/b>\u00a0es uno de los\u00a0<b>art\u00edculos deportivos<\/b>\u00a0m\u00e1s indispensable en tus eventos ya que permite el r\u00e1pido despacho de l\u00edquidos por su dise\u00f1o y su llave en \u00e1ngulo que facilitan servir tus bebidas en el momento que desees. Posee una gran capacidad de impermeabilidad ya que mantiene el hielo por 3 d\u00edas bajo condiciones controladas a la vez que tus bebidas estar\u00e1n siempre refrescantes en el momento que las requieras.<\/span><\/p>\n","protected":false},"excerpt":{"rendered":"<p><span style=\"font-size: 12pt; font-family: arial, helvetica, sans-serif;\">\u00a1Ideal para encuentros deportivos, campamentos o alg\u00fan otro evento social!. Termo Igloo, permite transportar y mantener en la temperatura ideal tus bebidas. Su capacidad es de 5 galones.<\/span><\/p>\n<p><strong><span style=\"font-size: 14pt; font-family: arial, helvetica, sans-serif; color: #262e75;\">Llev\u00e1telo a cr\u00e9dito o de contado<\/span><\/strong><\/p>\n<p><img loading=\"lazy\" decoding=\"async\" class=\"alignnone wp-image-5647\" src=\"http:\/\/www.juniors.com.mx\/online\/wp-content\/uploads\/2019\/08\/credi-sanruz-2-300x196.png\" alt=\"\" width=\"257\" height=\"168\" srcset=\"https:\/\/www.juniors.com.mx\/online\/wp-content\/uploads\/2019\/08\/credi-sanruz-2-300x196.png 300w, https:\/\/www.juniors.com.mx\/online\/wp-content\/uploads\/2019\/08\/credi-sanruz-2-600x393.png 600w, https:\/\/www.juniors.com.mx\/online\/wp-content\/uploads\/2019\/08\/credi-sanruz-2-768x502.png 768w, https:\/\/www.juniors.com.mx\/online\/wp-content\/uploads\/2019\/08\/credi-sanruz-2-1024x670.png 1024w, https:\/\/www.juniors.com.mx\/online\/wp-content\/uploads\/2019\/08\/credi-sanruz-2.png 1559w\" sizes=\"auto, (max-width: 257px) 100vw, 257px\" \/><\/p>\n<p><strong><span style=\"font-size: 14pt; font-family: arial, helvetica, sans-serif; color: #262e75;\">Consulta disponibilidad y precios en tu sucursal mas cercana.<\/span><\/strong><\/p>\n","protected":false},"featured_media":7266,"template":"","meta":{"_acf_changed":false,"_joinchat":[]},"product_brand":[],"product_cat":[431],"product_tag":[],"class_list":{"0":"post-7274","1":"product","2":"type-product","3":"status-publish","4":"has-post-thumbnail","6":"product_cat-termos","7":"pa_marca-igloo","9":"first","10":"instock","11":"featured","12":"shipping-taxable","13":"product-type-simple"},"acf":[],"_links":{"self":[{"href":"https:\/\/www.juniors.com.mx\/online\/wp-json\/wp\/v2\/product\/7274","targetHints":{"allow":["GET"]}}],"collection":[{"href":"https:\/\/www.juniors.com.mx\/online\/wp-json\/wp\/v2\/product"}],"about":[{"href":"https:\/\/www.juniors.com.mx\/online\/wp-json\/wp\/v2\/types\/product"}],"wp:featuredmedia":[{"embeddable":true,"href":"https:\/\/www.juniors.com.mx\/online\/wp-json\/wp\/v2\/media\/7266"}],"wp:attachment":[{"href":"https:\/\/www.juniors.com.mx\/online\/wp-json\/wp\/v2\/media?parent=7274"}],"wp:term":[{"taxonomy":"product_brand","embeddable":true,"href":"https:\/\/www.juniors.com.mx\/online\/wp-json\/wp\/v2\/product_brand?post=7274"},{"taxonomy":"product_cat","embeddable":true,"href":"https:\/\/www.juniors.com.mx\/online\/wp-json\/wp\/v2\/product_cat?post=7274"},{"taxonomy":"product_tag","embeddable":true,"href":"https:\/\/www.juniors.com.mx\/online\/wp-json\/wp\/v2\/product_tag?post=7274"}],"curies":[{"name":"wp","href":"https:\/\/api.w.org\/{rel}","templated":true}]}}