{"id":7768,"date":"2020-04-09T19:56:07","date_gmt":"2020-04-10T00:56:07","guid":{"rendered":"http:\/\/www.juniors.com.mx\/online\/?post_type=product&#038;p=7768"},"modified":"2020-04-09T19:56:34","modified_gmt":"2020-04-10T00:56:34","slug":"corral-cuna-zoo-baby-dbebe","status":"publish","type":"product","link":"https:\/\/www.juniors.com.mx\/online\/product\/corral-cuna-zoo-baby-dbebe\/","title":{"rendered":"Corral Cuna Zoo Baby D&#8217;beb\u00e9"},"content":{"rendered":"<p><span style=\"font-family: arial, helvetica, sans-serif; font-size: 12pt; color: #000000;\">Corral cuna plegable un art\u00edculo muy importante y vers\u00e1til para tu beb\u00e9. Pr\u00e1ctica cuna con 2 niveles de uso:<\/span><br \/>\n<span style=\"font-family: arial, helvetica, sans-serif; font-size: 12pt; color: #000000;\">1er nivel cuna para reci\u00e9n nacido. 2o nivel corral cuna para beb\u00e9s de 6-36 meses de edad. F\u00e1cil de plegar para viajar contigo con su bolsa para transportar. Con cambiador, movil musical que sirven para la comodidad y desarrollo de tu beb\u00e9. Recomendada para usarse con beb\u00e9s desde reci\u00e9n nacido y hasta los 36 meses de edad o una estatura menor a 89 cm y un peso de hasta 15 kg<\/span><\/p>\n<p><span style=\"font-family: arial, helvetica, sans-serif; font-size: 12pt; color: #000000;\">\u2022 2\u00ba nivel desmontable, con c\u00f3modo y seguro sistema de sujeci\u00f3n con ganchos.<\/span><br \/>\n<span style=\"font-family: arial, helvetica, sans-serif; font-size: 12pt; color: #000000;\">\u2022 C\u00f3modo sistema para convertir a cuna o corral.<\/span><br \/>\n<span style=\"font-family: arial, helvetica, sans-serif; font-size: 12pt; color: #000000;\">\u2022 Cambiador desmontable con cintur\u00f3n de seguridad.<\/span><br \/>\n<span style=\"font-family: arial, helvetica, sans-serif; font-size: 12pt; color: #000000;\">\u2022 Incluye accesorios para la comodidad de los padres.<\/span><br \/>\n<span style=\"font-family: arial, helvetica, sans-serif; font-size: 12pt; color: #000000;\">\u2022 Amplia bolsa en la cabecera para guardar diversas cosas.<\/span><br \/>\n<span style=\"font-family: arial, helvetica, sans-serif; font-size: 12pt; color: #000000;\">\u2022 Juguetero musical desmontable.<\/span><br \/>\n<span style=\"font-family: arial, helvetica, sans-serif; font-size: 12pt; color: #000000;\">\u2022 Colchoneta r\u00edgida para prevenir accidentes.<\/span><br \/>\n<span style=\"font-family: arial, helvetica, sans-serif; font-size: 12pt; color: #000000;\">\u2022 Incluye llantas con freno para desplazar f\u00e1cilmente.<\/span><br \/>\n<span style=\"font-family: arial, helvetica, sans-serif; font-size: 12pt; color: #000000;\">\u2022 Totalmente plegable con bolsa para transportar.<\/span><br \/>\n<span style=\"font-family: arial, helvetica, sans-serif; font-size: 12pt; color: #000000;\">\u2022 Pr\u00e1ctica cuna totalmente plegable incluye una bolsa para guardar y transportar<\/span><br \/>\n<span style=\"font-family: arial, helvetica, sans-serif; font-size: 12pt; color: #000000;\">\u2022 Recomendada para usarse con beb\u00e9s desde reci\u00e9n nacido y hasta los 36 meses de edad o una estatura menor a 89 cm y un peso de hasta 15 kg.<\/span><br \/>\n<span style=\"font-family: arial, helvetica, sans-serif; font-size: 12pt; color: #000000;\">Medidas de la cuna: altura 74 cm, Ancho 70 cm y largo 100 cm.<\/span><br \/>\n<span style=\"font-family: arial, helvetica, sans-serif; font-size: 12pt; color: #000000;\">\u2022 Cumple con normas de seguridad internacionales: ventanas de resistente malla, freno en las llantas, colchoneta r\u00edgida para soporte de la espalda del beb\u00e9 previene accidentes, barandales acojinados resistentes y de una altura adecuada, juguetes de tela suave sin elementos que se desprendan, mecanismos que no son accesibles para tu beb\u00e9.<\/span><\/p>\n","protected":false},"excerpt":{"rendered":"<p><span style=\"font-family: arial, helvetica, sans-serif; font-size: 12pt; color: #000000;\">Corral cuna plegable un art\u00edculo muy importante y vers\u00e1til para tu beb\u00e9. Pr\u00e1ctica cuna con 2 niveles de uso<\/span><\/p>\n<p><strong><span style=\"font-size: 14pt; font-family: arial, helvetica, sans-serif; color: #262e75;\">Llev\u00e1telo a cr\u00e9dito o de contado<\/span><\/strong><\/p>\n<p><img loading=\"lazy\" decoding=\"async\" class=\"alignnone wp-image-5647\" src=\"http:\/\/www.juniors.com.mx\/online\/wp-content\/uploads\/2019\/08\/credi-sanruz-2-300x196.png\" alt=\"\" width=\"257\" height=\"168\" srcset=\"https:\/\/www.juniors.com.mx\/online\/wp-content\/uploads\/2019\/08\/credi-sanruz-2-300x196.png 300w, https:\/\/www.juniors.com.mx\/online\/wp-content\/uploads\/2019\/08\/credi-sanruz-2-600x393.png 600w, https:\/\/www.juniors.com.mx\/online\/wp-content\/uploads\/2019\/08\/credi-sanruz-2-768x502.png 768w, https:\/\/www.juniors.com.mx\/online\/wp-content\/uploads\/2019\/08\/credi-sanruz-2-1024x670.png 1024w, https:\/\/www.juniors.com.mx\/online\/wp-content\/uploads\/2019\/08\/credi-sanruz-2.png 1559w\" sizes=\"auto, (max-width: 257px) 100vw, 257px\" \/><\/p>\n<p><strong><span style=\"font-size: 14pt; font-family: arial, helvetica, sans-serif; color: #262e75;\">Consulta disponibilidad y precios en tu sucursal mas cercana.<\/span><\/strong><\/p>\n","protected":false},"featured_media":7657,"template":"","meta":{"_acf_changed":false,"_joinchat":[]},"product_brand":[],"product_cat":[463],"product_tag":[],"class_list":{"0":"post-7768","1":"product","2":"type-product","3":"status-publish","4":"has-post-thumbnail","6":"product_cat-cunas","7":"pa_marca-dbebe","9":"first","10":"instock","11":"shipping-taxable","12":"product-type-simple"},"acf":[],"_links":{"self":[{"href":"https:\/\/www.juniors.com.mx\/online\/wp-json\/wp\/v2\/product\/7768","targetHints":{"allow":["GET"]}}],"collection":[{"href":"https:\/\/www.juniors.com.mx\/online\/wp-json\/wp\/v2\/product"}],"about":[{"href":"https:\/\/www.juniors.com.mx\/online\/wp-json\/wp\/v2\/types\/product"}],"wp:featuredmedia":[{"embeddable":true,"href":"https:\/\/www.juniors.com.mx\/online\/wp-json\/wp\/v2\/media\/7657"}],"wp:attachment":[{"href":"https:\/\/www.juniors.com.mx\/online\/wp-json\/wp\/v2\/media?parent=7768"}],"wp:term":[{"taxonomy":"product_brand","embeddable":true,"href":"https:\/\/www.juniors.com.mx\/online\/wp-json\/wp\/v2\/product_brand?post=7768"},{"taxonomy":"product_cat","embeddable":true,"href":"https:\/\/www.juniors.com.mx\/online\/wp-json\/wp\/v2\/product_cat?post=7768"},{"taxonomy":"product_tag","embeddable":true,"href":"https:\/\/www.juniors.com.mx\/online\/wp-json\/wp\/v2\/product_tag?post=7768"}],"curies":[{"name":"wp","href":"https:\/\/api.w.org\/{rel}","templated":true}]}}