{"id":8044,"date":"2020-05-05T15:09:02","date_gmt":"2020-05-05T20:09:02","guid":{"rendered":"http:\/\/www.juniors.com.mx\/online\/?post_type=product&#038;p=8044"},"modified":"2020-05-05T15:11:19","modified_gmt":"2020-05-05T20:11:19","slug":"sarten-cinsa-magnifica-24-cm","status":"publish","type":"product","link":"https:\/\/www.juniors.com.mx\/online\/product\/sarten-cinsa-magnifica-24-cm\/","title":{"rendered":"Sarten Cinsa Magnifica Mediano 24 cm"},"content":{"rendered":"","protected":false},"excerpt":{"rendered":"<p>Ahorra tiempo al cocinar, pon a prueba el desempe\u00f1o de los sartenes Magn\u00edfica, cocinando de manera pr\u00e1ctica por su excelente desempe\u00f1o.<br \/>\n5 capas de antiadherente\u00a0(24 cm)<br \/>\nFondo difusor<\/p>\n<p><strong><span style=\"font-size: 14pt; font-family: arial, helvetica, sans-serif; color: #262e75;\">Llev\u00e1telo a cr\u00e9dito o de contado<\/span><\/strong><\/p>\n<p><img loading=\"lazy\" decoding=\"async\" class=\"alignnone wp-image-5647\" src=\"http:\/\/www.juniors.com.mx\/online\/wp-content\/uploads\/2019\/08\/credi-sanruz-2-300x196.png\" alt=\"\" width=\"257\" height=\"168\" srcset=\"https:\/\/www.juniors.com.mx\/online\/wp-content\/uploads\/2019\/08\/credi-sanruz-2-300x196.png 300w, https:\/\/www.juniors.com.mx\/online\/wp-content\/uploads\/2019\/08\/credi-sanruz-2-600x393.png 600w, https:\/\/www.juniors.com.mx\/online\/wp-content\/uploads\/2019\/08\/credi-sanruz-2-768x502.png 768w, https:\/\/www.juniors.com.mx\/online\/wp-content\/uploads\/2019\/08\/credi-sanruz-2-1024x670.png 1024w, https:\/\/www.juniors.com.mx\/online\/wp-content\/uploads\/2019\/08\/credi-sanruz-2.png 1559w\" sizes=\"auto, (max-width: 257px) 100vw, 257px\" \/><\/p>\n<p><strong><span style=\"font-size: 14pt; font-family: arial, helvetica, sans-serif; color: #262e75;\">Consulta disponibilidad y precios en tu sucursal mas cercana.<\/span><\/strong><\/p>\n","protected":false},"featured_media":8045,"template":"","meta":{"_acf_changed":false,"_joinchat":[]},"product_brand":[],"product_cat":[493],"product_tag":[],"class_list":{"0":"post-8044","1":"product","2":"type-product","3":"status-publish","4":"has-post-thumbnail","6":"product_cat-sartenes","7":"pa_marca-cinsa","9":"first","10":"instock","11":"shipping-taxable","12":"product-type-simple"},"acf":[],"_links":{"self":[{"href":"https:\/\/www.juniors.com.mx\/online\/wp-json\/wp\/v2\/product\/8044","targetHints":{"allow":["GET"]}}],"collection":[{"href":"https:\/\/www.juniors.com.mx\/online\/wp-json\/wp\/v2\/product"}],"about":[{"href":"https:\/\/www.juniors.com.mx\/online\/wp-json\/wp\/v2\/types\/product"}],"wp:featuredmedia":[{"embeddable":true,"href":"https:\/\/www.juniors.com.mx\/online\/wp-json\/wp\/v2\/media\/8045"}],"wp:attachment":[{"href":"https:\/\/www.juniors.com.mx\/online\/wp-json\/wp\/v2\/media?parent=8044"}],"wp:term":[{"taxonomy":"product_brand","embeddable":true,"href":"https:\/\/www.juniors.com.mx\/online\/wp-json\/wp\/v2\/product_brand?post=8044"},{"taxonomy":"product_cat","embeddable":true,"href":"https:\/\/www.juniors.com.mx\/online\/wp-json\/wp\/v2\/product_cat?post=8044"},{"taxonomy":"product_tag","embeddable":true,"href":"https:\/\/www.juniors.com.mx\/online\/wp-json\/wp\/v2\/product_tag?post=8044"}],"curies":[{"name":"wp","href":"https:\/\/api.w.org\/{rel}","templated":true}]}}