{"id":8877,"date":"2020-06-19T15:54:50","date_gmt":"2020-06-19T20:54:50","guid":{"rendered":"http:\/\/www.juniors.com.mx\/online\/?post_type=product&#038;p=8877"},"modified":"2020-06-19T16:07:56","modified_gmt":"2020-06-19T21:07:56","slug":"refrigerador-de-13p%c2%b3-acros-at1330d","status":"publish","type":"product","link":"https:\/\/www.juniors.com.mx\/online\/product\/refrigerador-de-13p%c2%b3-acros-at1330d\/","title":{"rendered":"Refrigerador de 13p\u00b3 Acros AT1330D"},"content":{"rendered":"<p><span style=\"font-family: arial, helvetica, sans-serif; font-size: 12pt; color: #000000;\">NUEVO Refrigerador de dos puertas 13 p\u00b3 en color Platino con exclusivo Decorado que combina con cualquier estilo de cocina. Tus alimentos se mantendr\u00e1n siempre frescos y al alcance de tu mano; con su amplio espacio interior y la flexibilidad de sus parrillas y anaqueles. Acros Inspirado en ti.<\/span><\/p>\n<p><span style=\"font-size: 12pt; font-family: arial, helvetica, sans-serif; color: #000000;\">Sistema de deshielo y enfriamiento autom\u00e1tico<\/span><br \/>\n<span style=\"font-size: 12pt; font-family: arial, helvetica, sans-serif; color: #000000;\">Inspirado en los practicos los Refrigeraores Acros\u00ae cuentan con sistema de Deshielo y Enfriamiento Autom\u00e1tico<\/span><\/p>\n<p><span style=\"font-size: 12pt; font-family: arial, helvetica, sans-serif; color: #000000;\">2 Parrillas de Cristal templado antiderrame<\/span><br \/>\n<span style=\"font-size: 12pt; font-family: arial, helvetica, sans-serif; color: #000000;\">Inspirado en los ordenados las Parrillas ajustables de Cistal templado de los refrigeradores Acros\u00ae son muy f\u00e1ciles de mover dand\u00f3te el espacio \u00f3ptimo para enfriar todos tus alimentos<\/span><\/p>\n<p><span style=\"font-size: 12pt; font-family: arial, helvetica, sans-serif; color: #000000;\">Iluminaci\u00f3n LED<\/span><br \/>\n<span style=\"font-size: 12pt; font-family: arial, helvetica, sans-serif; color: #000000;\">Con la iluminaci\u00f3n LED en el interior de los Refrigeradores Acros\u00ae podr\u00e1s encontrar y siempre tener a la mano todos tus alimentos y bebidas<\/span><\/p>\n","protected":false},"excerpt":{"rendered":"<p><span style=\"font-family: arial, helvetica, sans-serif; font-size: 12pt; color: #000000;\">Tus alimentos se mantendr\u00e1n siempre frescos y al alcance de tu mano.<\/span><\/p>\n<p><strong><span style=\"font-size: 14pt; font-family: arial, helvetica, sans-serif; color: #262e75;\">Llev\u00e1telo a cr\u00e9dito o de contado<\/span><\/strong><\/p>\n<p><img loading=\"lazy\" decoding=\"async\" class=\"alignnone wp-image-5647\" src=\"http:\/\/www.juniors.com.mx\/online\/wp-content\/uploads\/2019\/08\/credi-sanruz-2-300x196.png\" alt=\"\" width=\"257\" height=\"168\" srcset=\"https:\/\/www.juniors.com.mx\/online\/wp-content\/uploads\/2019\/08\/credi-sanruz-2-300x196.png 300w, https:\/\/www.juniors.com.mx\/online\/wp-content\/uploads\/2019\/08\/credi-sanruz-2-600x393.png 600w, https:\/\/www.juniors.com.mx\/online\/wp-content\/uploads\/2019\/08\/credi-sanruz-2-768x502.png 768w, https:\/\/www.juniors.com.mx\/online\/wp-content\/uploads\/2019\/08\/credi-sanruz-2-1024x670.png 1024w, https:\/\/www.juniors.com.mx\/online\/wp-content\/uploads\/2019\/08\/credi-sanruz-2.png 1559w\" sizes=\"auto, (max-width: 257px) 100vw, 257px\" \/><\/p>\n<p><strong><span style=\"font-size: 14pt; font-family: arial, helvetica, sans-serif; color: #262e75;\">Consulta disponibilidad y precios en tu sucursal mas cercana.<\/span><\/strong><\/p>\n","protected":false},"featured_media":8878,"template":"","meta":{"_acf_changed":false,"_joinchat":[]},"product_brand":[],"product_cat":[295],"product_tag":[],"class_list":{"0":"post-8877","1":"product","2":"type-product","3":"status-publish","4":"has-post-thumbnail","6":"product_cat-refrigeradores","7":"pa_marca-acros","9":"first","10":"instock","11":"shipping-taxable","12":"product-type-simple"},"acf":[],"_links":{"self":[{"href":"https:\/\/www.juniors.com.mx\/online\/wp-json\/wp\/v2\/product\/8877","targetHints":{"allow":["GET"]}}],"collection":[{"href":"https:\/\/www.juniors.com.mx\/online\/wp-json\/wp\/v2\/product"}],"about":[{"href":"https:\/\/www.juniors.com.mx\/online\/wp-json\/wp\/v2\/types\/product"}],"wp:featuredmedia":[{"embeddable":true,"href":"https:\/\/www.juniors.com.mx\/online\/wp-json\/wp\/v2\/media\/8878"}],"wp:attachment":[{"href":"https:\/\/www.juniors.com.mx\/online\/wp-json\/wp\/v2\/media?parent=8877"}],"wp:term":[{"taxonomy":"product_brand","embeddable":true,"href":"https:\/\/www.juniors.com.mx\/online\/wp-json\/wp\/v2\/product_brand?post=8877"},{"taxonomy":"product_cat","embeddable":true,"href":"https:\/\/www.juniors.com.mx\/online\/wp-json\/wp\/v2\/product_cat?post=8877"},{"taxonomy":"product_tag","embeddable":true,"href":"https:\/\/www.juniors.com.mx\/online\/wp-json\/wp\/v2\/product_tag?post=8877"}],"curies":[{"name":"wp","href":"https:\/\/api.w.org\/{rel}","templated":true}]}}