{"id":9779,"date":"2025-08-09T19:17:58","date_gmt":"2025-08-10T01:17:58","guid":{"rendered":"https:\/\/www.juniors.com.mx\/online\/?post_type=product&#038;p=9779"},"modified":"2025-08-13T19:54:55","modified_gmt":"2025-08-14T01:54:55","slug":"colchon-america-palace","status":"publish","type":"product","link":"https:\/\/www.juniors.com.mx\/online\/product\/colchon-america-palace\/","title":{"rendered":"Colch\u00f3n Am\u00e9rica Palace"},"content":{"rendered":"<div class=\"wpb-content-wrapper\"><p>[vc_row][vc_column][vc_column_text css=&#8221;&#8221;]<\/p>\n<p style=\"text-align: justify;\"><span style=\"font-family: arial, helvetica, sans-serif; font-size: 14pt; color: #000000;\">Es un colch\u00f3n de la marca AM\u00c9RICA que ofrece comodidad y beneficios al mismo tiempo. Cuenta con un gran dise\u00f1o que permite aprovechar al m\u00e1ximo todos los beneficios que este brinda, adem\u00e1s de una frescura placentera a la hora del descanso que te garantiza un sue\u00f1o reparador y sin interrupciones.<\/span><\/p>\n<p><span style=\"font-family: arial, helvetica, sans-serif; font-size: 14pt;\">Sistema <strong>INFINITI<\/strong>: Resortes de acero continuos y entrelazados.<\/span><br \/>\n<span style=\"font-family: arial, helvetica, sans-serif; font-size: 14pt;\">Sistema <strong>PERFECT SIDE:<\/strong> Libre de mantenimiento \/ no voltear.<\/span><br \/>\n<span style=\"font-family: arial, helvetica, sans-serif; font-size: 14pt;\">Sistema <strong>EURO TOP:<\/strong> Colchoneta.<\/span><\/p>\n<p style=\"text-align: justify;\"><span style=\"font-family: arial, helvetica, sans-serif; font-size: 14pt;\"><strong>Soporte: <\/strong>Unidad de resortes de acero continuos y entrelazados para un m\u00e1ximo soporte.\u00a0Doble marco perimetral de acero al alto carbono, revenido y engrapado a los resortes.\u00a0Templado THERMO-FLEX (Electr\u00f3nico y en Homo a 280&#8243;C). Tratamiento t\u00e9rmico de avanzada tecnolog\u00eda, aplicado a la estructura de resortes de acero que incrementa su durabilidad y resistencia<\/span><\/p>\n<p><span style=\"font-family: arial, helvetica, sans-serif; font-size: 14pt;\"><strong>Acojinamiento:<\/strong><\/span><br \/>\n<span style=\"font-family: arial, helvetica, sans-serif; font-size: 14pt;\">Marvesbond + conforpad + placa de poliuretano de alta densidad.<\/span><\/p>\n<p><span style=\"font-family: arial, helvetica, sans-serif; font-size: 14pt;\"><strong>Capitonado:<\/strong> Doble capa de peeler + White Fiber<\/span><\/p>\n<p><span style=\"font-family: arial, helvetica, sans-serif; font-size: 14pt;\"><strong>Tela:<\/strong> Tejido de punto con tratamiento antibacterial.<\/span>[\/vc_column_text][\/vc_column][\/vc_row]<\/p>\n<\/div>","protected":false},"excerpt":{"rendered":"<p style=\"text-align: justify;\"><span style=\"font-family: arial, helvetica, sans-serif; font-size: 14pt; color: #000000;\">Colchones Am\u00e9rica ofrece comodidad y beneficios al mismo tiempo. Cuenta con un gran dise\u00f1o que permite aprovechar al m\u00e1ximo todos los beneficios que este brinda.<\/span><\/p>\n<p><strong><span style=\"font-family: arial, helvetica, sans-serif; font-size: 14pt; color: #000000;\">Disponible en diferentes medidas.<\/span><\/strong><\/p>\n<p><span style=\"color: #003366; font-size: 14pt; font-family: arial, helvetica, sans-serif;\"><strong>Ll\u00e9vatelo a cr\u00e9dito o de contado<\/strong><\/span><\/p>\n<p><img loading=\"lazy\" decoding=\"async\" class=\"alignnone size-full wp-image-9484\" src=\"http:\/\/www.juniors.com.mx\/online\/wp-content\/uploads\/2023\/11\/5.png\" alt=\"\" width=\"291\" height=\"237\" \/><\/p>\n<p><span style=\"font-family: arial, helvetica, sans-serif;\"><strong><span style=\"font-size: 14pt; color: #262e75;\">Consulta disponibilidad y precios con t\u00fa asesor, por nuestra l\u00ednea de WhatsApp o visita tu sucursal m\u00e1s cercana. <\/span><\/strong><\/span><\/p>\n","protected":false},"featured_media":9781,"template":"","meta":{"_acf_changed":false,"_joinchat":{"telephone":"+529541318598"}},"product_brand":[594],"product_cat":[334,366],"product_tag":[595],"class_list":{"0":"post-9779","1":"product","2":"type-product","3":"status-publish","4":"has-post-thumbnail","6":"product_brand-america","7":"product_cat-colchones","8":"product_cat-linea-premium","9":"product_tag-colchon-america","10":"pa_marca-america","12":"first","13":"instock","14":"shipping-taxable","15":"product-type-simple"},"acf":[],"_links":{"self":[{"href":"https:\/\/www.juniors.com.mx\/online\/wp-json\/wp\/v2\/product\/9779","targetHints":{"allow":["GET"]}}],"collection":[{"href":"https:\/\/www.juniors.com.mx\/online\/wp-json\/wp\/v2\/product"}],"about":[{"href":"https:\/\/www.juniors.com.mx\/online\/wp-json\/wp\/v2\/types\/product"}],"wp:featuredmedia":[{"embeddable":true,"href":"https:\/\/www.juniors.com.mx\/online\/wp-json\/wp\/v2\/media\/9781"}],"wp:attachment":[{"href":"https:\/\/www.juniors.com.mx\/online\/wp-json\/wp\/v2\/media?parent=9779"}],"wp:term":[{"taxonomy":"product_brand","embeddable":true,"href":"https:\/\/www.juniors.com.mx\/online\/wp-json\/wp\/v2\/product_brand?post=9779"},{"taxonomy":"product_cat","embeddable":true,"href":"https:\/\/www.juniors.com.mx\/online\/wp-json\/wp\/v2\/product_cat?post=9779"},{"taxonomy":"product_tag","embeddable":true,"href":"https:\/\/www.juniors.com.mx\/online\/wp-json\/wp\/v2\/product_tag?post=9779"}],"curies":[{"name":"wp","href":"https:\/\/api.w.org\/{rel}","templated":true}]}}