{"id":9786,"date":"2025-08-09T20:31:21","date_gmt":"2025-08-10T02:31:21","guid":{"rendered":"https:\/\/www.juniors.com.mx\/online\/?post_type=product&#038;p=9786"},"modified":"2025-08-13T19:45:24","modified_gmt":"2025-08-14T01:45:24","slug":"colchon-america-evelyn","status":"publish","type":"product","link":"https:\/\/www.juniors.com.mx\/online\/product\/colchon-america-evelyn\/","title":{"rendered":"Colch\u00f3n Am\u00e9rica Evelyn"},"content":{"rendered":"<div class=\"wpb-content-wrapper\"><p>[vc_row][vc_column][vc_column_text css=&#8221;&#8221;]<span style=\"font-family: arial, helvetica, sans-serif; font-size: 14pt; color: #000000;\">Es un colch\u00f3n de la marca AM\u00c9RICA que ofrece comodidad y beneficios al mismo tiempo. Cuenta con un gran dise\u00f1o que permite aprovechar al m\u00e1ximo todos los beneficios que este brinda, adem\u00e1s de una frescura placentera a la hora del descanso que te garantiza un sue\u00f1o reparador y sin interrupciones.<\/span><\/p>\n<p><strong><span style=\"font-family: arial, helvetica, sans-serif; font-size: 14pt; color: #000000;\">Caracter\u00edsticas:<\/span><\/strong><\/p>\n<ul>\n<li><span style=\"font-family: arial, helvetica, sans-serif; font-size: 14pt;\">Color negro.<\/span><\/li>\n<li><span style=\"font-family: arial, helvetica, sans-serif; font-size: 14pt;\">Nivel de confort: Suave.<\/span><\/li>\n<li><span style=\"font-family: arial, helvetica, sans-serif; font-size: 14pt;\">Acojinamiento: Placa de Poliuretano + Marvesbond.<\/span><\/li>\n<li><span style=\"font-family: arial, helvetica, sans-serif; font-size: 14pt;\">Capitonado: Capa de Peeler + Whithe Fiber\u00a0<\/span><\/li>\n<li><span style=\"font-family: arial, helvetica, sans-serif; font-size: 14pt;\">Tela: Tejido de punto con tratamiento antibacterial.<\/span><\/li>\n<li><span style=\"font-family: arial, helvetica, sans-serif; font-size: 14pt;\">Tecnolog\u00edas:<\/span><br \/>\n<span style=\"font-family: arial, helvetica, sans-serif; font-size: 14pt;\">Sistema INFINITI (Resorte de acero continuo)<\/span><br \/>\n<span style=\"font-family: arial, helvetica, sans-serif; font-size: 14pt;\">Sistema EURO TOP (Colchoneta).<\/span><br \/>\n<span style=\"font-family: arial, helvetica, sans-serif; font-size: 14pt;\">Sistema PERFECT SIDE (Libre de mantenimiento\/ No voltear)<\/span><\/li>\n<\/ul>\n<p><span style=\"font-family: arial, helvetica, sans-serif; font-size: 14pt; color: #000000;\">*NO incluye box, se vende por separado.<\/span>[\/vc_column_text][\/vc_column][\/vc_row]<\/p>\n<\/div>","protected":false},"excerpt":{"rendered":"<p style=\"text-align: justify;\"><span style=\"font-family: arial, helvetica, sans-serif; font-size: 14pt; color: #000000;\">Colchones Am\u00e9rica ofrece comodidad y beneficios al mismo tiempo. Cuenta con un gran dise\u00f1o que permite aprovechar al m\u00e1ximo todos los beneficios que este brinda.<\/span><\/p>\n<p><strong><span style=\"font-family: arial, helvetica, sans-serif; font-size: 14pt; color: #000000;\">Disponible en diferentes medidas.<\/span><\/strong><\/p>\n<p><span style=\"color: #003366; font-size: 14pt; font-family: arial, helvetica, sans-serif;\"><strong>Ll\u00e9vatelo a cr\u00e9dito o de contado<\/strong><\/span><\/p>\n<p><img loading=\"lazy\" decoding=\"async\" class=\"alignnone wp-image-9484 size-full\" src=\"http:\/\/www.juniors.com.mx\/online\/wp-content\/uploads\/2023\/11\/5.png\" alt=\"\" width=\"291\" height=\"237\" \/><\/p>\n<p><span style=\"font-family: arial, helvetica, sans-serif;\"><strong><span style=\"font-size: 14pt; color: #262e75;\">Consulta disponibilidad y precios con t\u00fa asesor, por nuestra l\u00ednea de WhatsApp o visita tu sucursal m\u00e1s cercana. <\/span><\/strong><\/span><\/p>\n","protected":false},"featured_media":9785,"template":"","meta":{"_acf_changed":false,"_joinchat":[]},"product_brand":[594],"product_cat":[334,367],"product_tag":[595],"class_list":{"0":"post-9786","1":"product","2":"type-product","3":"status-publish","4":"has-post-thumbnail","6":"product_brand-america","7":"product_cat-colchones","8":"product_cat-linea-super-premium","9":"product_tag-colchon-america","10":"pa_marca-america","12":"first","13":"instock","14":"shipping-taxable","15":"product-type-simple"},"acf":[],"_links":{"self":[{"href":"https:\/\/www.juniors.com.mx\/online\/wp-json\/wp\/v2\/product\/9786","targetHints":{"allow":["GET"]}}],"collection":[{"href":"https:\/\/www.juniors.com.mx\/online\/wp-json\/wp\/v2\/product"}],"about":[{"href":"https:\/\/www.juniors.com.mx\/online\/wp-json\/wp\/v2\/types\/product"}],"wp:featuredmedia":[{"embeddable":true,"href":"https:\/\/www.juniors.com.mx\/online\/wp-json\/wp\/v2\/media\/9785"}],"wp:attachment":[{"href":"https:\/\/www.juniors.com.mx\/online\/wp-json\/wp\/v2\/media?parent=9786"}],"wp:term":[{"taxonomy":"product_brand","embeddable":true,"href":"https:\/\/www.juniors.com.mx\/online\/wp-json\/wp\/v2\/product_brand?post=9786"},{"taxonomy":"product_cat","embeddable":true,"href":"https:\/\/www.juniors.com.mx\/online\/wp-json\/wp\/v2\/product_cat?post=9786"},{"taxonomy":"product_tag","embeddable":true,"href":"https:\/\/www.juniors.com.mx\/online\/wp-json\/wp\/v2\/product_tag?post=9786"}],"curies":[{"name":"wp","href":"https:\/\/api.w.org\/{rel}","templated":true}]}}