{"id":9788,"date":"2025-08-09T21:15:30","date_gmt":"2025-08-10T03:15:30","guid":{"rendered":"https:\/\/www.juniors.com.mx\/online\/?post_type=product&#038;p=9788"},"modified":"2025-08-13T19:42:43","modified_gmt":"2025-08-14T01:42:43","slug":"colchon-america-regina","status":"publish","type":"product","link":"https:\/\/www.juniors.com.mx\/online\/product\/colchon-america-regina\/","title":{"rendered":"Colch\u00f3n Am\u00e9rica Regina"},"content":{"rendered":"<div class=\"wpb-content-wrapper\"><p>[vc_row][vc_column][vc_column_text css=&#8221;&#8221;]<strong><span style=\"font-family: arial, helvetica, sans-serif; font-size: 14pt; color: #000000;\">Colch\u00f3n Am\u00e9rica Regina<\/span><\/strong><\/p>\n<p><strong><span style=\"font-family: arial, helvetica, sans-serif; font-size: 14pt;\">Caracter\u00edsticas:<\/span><\/strong><\/p>\n<ul>\n<li><span style=\"font-family: arial, helvetica, sans-serif; font-size: 14pt;\">Firmeza del colch\u00f3n: Semi-firme.<\/span><\/li>\n<li><span style=\"font-family: arial, helvetica, sans-serif; font-size: 14pt;\">Tela: Tejida de punto con tratamiento anti-bacterial.<\/span><\/li>\n<li><span style=\"font-family: arial, helvetica, sans-serif; font-size: 14pt;\">Soporte: Unidad de resortes tipo Bonnell.<\/span><\/li>\n<li><span style=\"font-family: arial, helvetica, sans-serif; font-size: 14pt;\">Tecnolog\u00edas:<\/span><br \/>\n<span style=\"font-family: arial, helvetica, sans-serif; font-size: 14pt;\">EuroPillow: Cubierta superior conectada al colch\u00f3n para mayor comodidad.<\/span><br \/>\n<span style=\"font-family: arial, helvetica, sans-serif; font-size: 14pt;\">Bonnell: Sistema de resortes de acero que armados en una sola unidad, da como resultado una estructura solida que asegura una mayor duraci\u00f3n y un soporte optimo al colch\u00f3n.<\/span><\/li>\n<\/ul>\n<p><span style=\"font-family: arial, helvetica, sans-serif; font-size: 14pt; color: #000000;\">*BOX se vende por separado.<\/span>[\/vc_column_text][\/vc_column][\/vc_row]<\/p>\n<\/div>","protected":false},"excerpt":{"rendered":"<p style=\"text-align: justify;\"><span style=\"font-family: arial, helvetica, sans-serif; font-size: 14pt; color: #000000;\">Colchones Am\u00e9rica ofrece comodidad y beneficios al mismo tiempo. Cuenta con un gran dise\u00f1o que permite aprovechar al m\u00e1ximo todos los beneficios que este brinda.<\/span><\/p>\n<p><strong><span style=\"font-family: arial, helvetica, sans-serif; font-size: 14pt; color: #000000;\">Disponible en diferentes medidas.<\/span><\/strong><\/p>\n<p><span style=\"color: #003366; font-size: 14pt; font-family: arial, helvetica, sans-serif;\"><strong>Ll\u00e9vatelo a cr\u00e9dito o de contado<\/strong><\/span><\/p>\n<p><img loading=\"lazy\" decoding=\"async\" class=\"alignnone size-full wp-image-9484\" src=\"http:\/\/www.juniors.com.mx\/online\/wp-content\/uploads\/2023\/11\/5.png\" alt=\"\" width=\"291\" height=\"237\" \/><\/p>\n<p><span style=\"font-family: arial, helvetica, sans-serif;\"><strong><span style=\"font-size: 14pt; color: #262e75;\">Consulta disponibilidad y precios con t\u00fa asesor, por nuestra l\u00ednea de WhatsApp o visita tu sucursal m\u00e1s cercana. <\/span><\/strong><\/span><\/p>\n","protected":false},"featured_media":9790,"template":"","meta":{"_acf_changed":false,"_joinchat":[]},"product_brand":[594],"product_cat":[334,367],"product_tag":[595],"class_list":{"0":"post-9788","1":"product","2":"type-product","3":"status-publish","4":"has-post-thumbnail","6":"product_brand-america","7":"product_cat-colchones","8":"product_cat-linea-super-premium","9":"product_tag-colchon-america","10":"pa_marca-america","12":"first","13":"instock","14":"shipping-taxable","15":"product-type-simple"},"acf":[],"_links":{"self":[{"href":"https:\/\/www.juniors.com.mx\/online\/wp-json\/wp\/v2\/product\/9788","targetHints":{"allow":["GET"]}}],"collection":[{"href":"https:\/\/www.juniors.com.mx\/online\/wp-json\/wp\/v2\/product"}],"about":[{"href":"https:\/\/www.juniors.com.mx\/online\/wp-json\/wp\/v2\/types\/product"}],"wp:featuredmedia":[{"embeddable":true,"href":"https:\/\/www.juniors.com.mx\/online\/wp-json\/wp\/v2\/media\/9790"}],"wp:attachment":[{"href":"https:\/\/www.juniors.com.mx\/online\/wp-json\/wp\/v2\/media?parent=9788"}],"wp:term":[{"taxonomy":"product_brand","embeddable":true,"href":"https:\/\/www.juniors.com.mx\/online\/wp-json\/wp\/v2\/product_brand?post=9788"},{"taxonomy":"product_cat","embeddable":true,"href":"https:\/\/www.juniors.com.mx\/online\/wp-json\/wp\/v2\/product_cat?post=9788"},{"taxonomy":"product_tag","embeddable":true,"href":"https:\/\/www.juniors.com.mx\/online\/wp-json\/wp\/v2\/product_tag?post=9788"}],"curies":[{"name":"wp","href":"https:\/\/api.w.org\/{rel}","templated":true}]}}