{"id":9791,"date":"2025-08-09T22:14:42","date_gmt":"2025-08-10T04:14:42","guid":{"rendered":"https:\/\/www.juniors.com.mx\/online\/?post_type=product&#038;p=9791"},"modified":"2025-08-13T19:34:58","modified_gmt":"2025-08-14T01:34:58","slug":"colchon-america-delta","status":"publish","type":"product","link":"https:\/\/www.juniors.com.mx\/online\/product\/colchon-america-delta\/","title":{"rendered":"Colch\u00f3n Am\u00e9rica Delta"},"content":{"rendered":"<div class=\"wpb-content-wrapper\"><p>[vc_row][vc_column][vc_column_text css=&#8221;&#8221;]<span style=\"font-family: arial, helvetica, sans-serif; font-size: 14pt; color: #000000;\">Colch\u00f3n Am\u00e9rica Delta con Memory que te dar\u00e1 el confort que necesita tu cuerpo para tener el mejor descanso. Gracias a su tecnolog\u00eda hibrida que combina el sistema de resortes Bonnell con per\u00edmetro de alta densidad y su sistema Memory que se adapta al contorno de tu cuerpo, te dar\u00e1 el mejor descanso para renovarte durante la noche.<\/span><\/p>\n<p><span style=\"font-family: arial, helvetica, sans-serif; font-size: 14pt; color: #000000;\">Caracter\u00edsticas:<\/span><\/p>\n<p><span style=\"font-family: arial, helvetica, sans-serif; font-size: 14pt;\">Soporte: Unidad de resortes Bonnell. Doble templado THERMO-FLEX.<\/span><\/p>\n<p><span style=\"font-family: arial, helvetica, sans-serif; font-size: 14pt;\">Acojinamiento: Bonnell placa de poliuretano super saya placa viscoel\u00e1stica de alta densidad.<\/span><\/p>\n<p><span style=\"font-family: arial, helvetica, sans-serif; font-size: 14pt;\">Capitonado: Tack &amp; Jump capas de peeler + delcro. Tela tejido de punto contratamiento antimaterial.<\/span><\/p>\n<p><span style=\"font-family: arial, helvetica, sans-serif; font-size: 14pt;\">Tecnolog\u00edas:<\/span><\/p>\n<ul>\n<li><span style=\"font-family: arial, helvetica, sans-serif; font-size: 14pt;\">Sistema BONNELL<\/span><\/li>\n<li><span style=\"font-family: arial, helvetica, sans-serif; font-size: 14pt;\">Sistema EURO TOP<\/span><\/li>\n<li><span style=\"font-family: arial, helvetica, sans-serif; font-size: 14pt;\">Sistema PERFECT SIDE<\/span><\/li>\n<li><span style=\"font-family: arial, helvetica, sans-serif; font-size: 14pt;\">Sistema MEMORY<\/span><\/li>\n<li><span style=\"font-family: arial, helvetica, sans-serif; font-size: 14pt;\">Sistema BODY FRAME<\/span><\/li>\n<\/ul>\n<p>[\/vc_column_text][\/vc_column][\/vc_row]<\/p>\n<\/div>","protected":false},"excerpt":{"rendered":"<p style=\"text-align: justify;\"><span style=\"font-family: arial, helvetica, sans-serif; font-size: 14pt; color: #000000;\">Colchones Am\u00e9rica ofrece comodidad y beneficios al mismo tiempo. Cuenta con un gran dise\u00f1o que permite aprovechar al m\u00e1ximo todos los beneficios que este brinda.<\/span><\/p>\n<p><strong><span style=\"font-family: arial, helvetica, sans-serif; font-size: 14pt; color: #000000;\">Disponible en diferentes medidas.<\/span><\/strong><\/p>\n<p><span style=\"color: #003366; font-size: 14pt; font-family: arial, helvetica, sans-serif;\"><strong>Ll\u00e9vatelo a cr\u00e9dito o de contado<\/strong><\/span><\/p>\n<p><img loading=\"lazy\" decoding=\"async\" class=\"alignnone size-full wp-image-9484\" src=\"http:\/\/www.juniors.com.mx\/online\/wp-content\/uploads\/2023\/11\/5.png\" alt=\"\" width=\"291\" height=\"237\" \/><\/p>\n<p><span style=\"font-family: arial, helvetica, sans-serif;\"><strong><span style=\"font-size: 14pt; color: #262e75;\">Consulta disponibilidad y precios con t\u00fa asesor, por nuestra l\u00ednea de WhatsApp o visita tu sucursal m\u00e1s cercana. <\/span><\/strong><\/span><\/p>\n","protected":false},"featured_media":9792,"template":"","meta":{"_acf_changed":false,"_joinchat":[]},"product_brand":[594],"product_cat":[334,367],"product_tag":[595],"class_list":{"0":"post-9791","1":"product","2":"type-product","3":"status-publish","4":"has-post-thumbnail","6":"product_brand-america","7":"product_cat-colchones","8":"product_cat-linea-super-premium","9":"product_tag-colchon-america","10":"pa_marca-america","12":"first","13":"instock","14":"shipping-taxable","15":"product-type-simple"},"acf":[],"_links":{"self":[{"href":"https:\/\/www.juniors.com.mx\/online\/wp-json\/wp\/v2\/product\/9791","targetHints":{"allow":["GET"]}}],"collection":[{"href":"https:\/\/www.juniors.com.mx\/online\/wp-json\/wp\/v2\/product"}],"about":[{"href":"https:\/\/www.juniors.com.mx\/online\/wp-json\/wp\/v2\/types\/product"}],"wp:featuredmedia":[{"embeddable":true,"href":"https:\/\/www.juniors.com.mx\/online\/wp-json\/wp\/v2\/media\/9792"}],"wp:attachment":[{"href":"https:\/\/www.juniors.com.mx\/online\/wp-json\/wp\/v2\/media?parent=9791"}],"wp:term":[{"taxonomy":"product_brand","embeddable":true,"href":"https:\/\/www.juniors.com.mx\/online\/wp-json\/wp\/v2\/product_brand?post=9791"},{"taxonomy":"product_cat","embeddable":true,"href":"https:\/\/www.juniors.com.mx\/online\/wp-json\/wp\/v2\/product_cat?post=9791"},{"taxonomy":"product_tag","embeddable":true,"href":"https:\/\/www.juniors.com.mx\/online\/wp-json\/wp\/v2\/product_tag?post=9791"}],"curies":[{"name":"wp","href":"https:\/\/api.w.org\/{rel}","templated":true}]}}