{"id":9807,"date":"2025-08-10T00:22:50","date_gmt":"2025-08-10T06:22:50","guid":{"rendered":"https:\/\/www.juniors.com.mx\/online\/?post_type=product&#038;p=9807"},"modified":"2025-08-13T19:22:13","modified_gmt":"2025-08-14T01:22:13","slug":"juego-de-colchon-king-size-spring-air-pavillion","status":"publish","type":"product","link":"https:\/\/www.juniors.com.mx\/online\/product\/juego-de-colchon-king-size-spring-air-pavillion\/","title":{"rendered":"Juego de Colch\u00f3n King Size Spring Air Pavillion"},"content":{"rendered":"<div class=\"wpb-content-wrapper\"><p>[vc_row][vc_column][vc_column_text css=&#8221;&#8221;]<\/p>\n<p style=\"text-align: justify;\"><span style=\"font-family: arial, helvetica, sans-serif; font-size: 14pt; color: #000000;\">El colch\u00f3n ideal para dormir en pareja. Se desarrollo para reducir los movimientos de tu pareja al momento de dormir, garantizado un descanso sin interrupciones con sus innovadores resortes independientes.<\/span><\/p>\n<p style=\"text-align: justify;\"><span style=\"font-family: 'arial black', sans-serif; font-size: 14pt; color: #000000;\"><strong>Tecnolog\u00eda del colch\u00f3n:<\/strong><\/span><\/p>\n<p style=\"text-align: justify;\"><span style=\"font-family: arial, helvetica, sans-serif; font-size: 14pt; color: #000000;\"><strong>Nivel de firmeza:<\/strong> Alta<\/span><\/p>\n<p style=\"text-align: justify;\"><span style=\"font-family: arial, helvetica, sans-serif; font-size: 14pt; color: #000000;\"><strong>Memory Foam:<\/strong> Material de acojinamiento desarrollado por la NASA que reduce los puntos de presi\u00f3n.<\/span><\/p>\n<p style=\"text-align: justify;\"><span style=\"font-family: arial, helvetica, sans-serif; font-size: 14pt; color: #000000;\"><strong>Tecnolog\u00eda con progresiones de confort:<\/strong> Se basa en capas de espuma en posiciones precisas que mejoran la circulaci\u00f3n y confort, eliminando los puntos de presi\u00f3n en hombros, cadera y pies, adem\u00e1s de aumentar el soporte faltante en cuello y cintura.\u00a0<\/span><\/p>\n<p style=\"text-align: justify;\"><span style=\"font-family: arial, helvetica, sans-serif; font-size: 14pt; color: #000000;\"><strong>Foam Encasement:<\/strong> encapsula la unidad de resorte en la orilla del colch\u00f3n, incrementando 20% la zona de sue\u00f1o.<\/span><\/p>\n<p style=\"text-align: justify;\"><span style=\"font-family: arial, helvetica, sans-serif; font-size: 14pt; color: #000000;\"><strong>Resorte Independiente:<\/strong> Unidad de resortes forrados individualmente que se adaptan perfectamente al cuerpo y reducen los movimientos naturales al dormir. Reduce dolores musculares garantizando el correcto amoldamiento del colch\u00f3n sin importar la posici\u00f3n.<\/span><\/p>\n<p style=\"text-align: justify;\"><span style=\"font-family: arial, helvetica, sans-serif; font-size: 14pt; color: #000000;\"><strong>Never Turn<\/strong>: Es la amortiguaci\u00f3n activa que absorbe la fuerza natural de nuestros movimientos, aumentando la durabilidad sin necesidad de voltear el colch\u00f3n.<\/span><\/p>\n<p style=\"text-align: justify;\"><span style=\"font-family: arial, helvetica, sans-serif; font-size: 14pt; color: #000000;\"><strong>Tela importada:<\/strong> Fresca, confortable y libre de \u00e1caros.\u00a0<\/span><\/p>\n<p>[\/vc_column_text][\/vc_column][\/vc_row]<\/p>\n<\/div>","protected":false},"excerpt":{"rendered":"<p><span style=\"font-family: arial, helvetica, sans-serif; font-size: 14pt; color: #000000;\"><strong>Juego de Colch\u00f3n y bases Pavillion King Size.<\/strong><br \/>\nEl colch\u00f3n ideal para dormir en pareja. Se desarrollo para reducir los movimientos de tu pareja al momento de dormir, garantizado un descanso sin interrupciones con sus innovadores resortes independientes.<\/span><\/p>\n<p><span style=\"color: #003366; font-size: 14pt; font-family: arial, helvetica, sans-serif;\"><strong>Ll\u00e9vatelo a cr\u00e9dito o de contado<\/strong><\/span><\/p>\n<p><img loading=\"lazy\" decoding=\"async\" class=\"alignnone size-full wp-image-9484\" src=\"http:\/\/www.juniors.com.mx\/online\/wp-content\/uploads\/2023\/11\/5.png\" alt=\"\" width=\"291\" height=\"237\" \/><\/p>\n<p><span style=\"font-family: arial, helvetica, sans-serif;\"><strong><span style=\"font-size: 14pt; color: #262e75;\">Consulta disponibilidad y precios con t\u00fa asesor, por nuestra l\u00ednea de WhatsApp o visita tu sucursal m\u00e1s cercana. <\/span><\/strong><\/span><\/p>\n","protected":false},"featured_media":9820,"template":"","meta":{"_acf_changed":false,"_joinchat":{"telephone":"+529541318598"}},"product_brand":[593],"product_cat":[334,419,367],"product_tag":[568],"class_list":{"0":"post-9807","1":"product","2":"type-product","3":"status-publish","4":"has-post-thumbnail","6":"product_brand-spring-air","7":"product_cat-colchones","8":"product_cat-jgo-box-colchon","9":"product_cat-linea-super-premium","10":"product_tag-colchon-spring-air","11":"pa_marca-spring-air","13":"first","14":"instock","15":"shipping-taxable","16":"product-type-simple"},"acf":[],"_links":{"self":[{"href":"https:\/\/www.juniors.com.mx\/online\/wp-json\/wp\/v2\/product\/9807","targetHints":{"allow":["GET"]}}],"collection":[{"href":"https:\/\/www.juniors.com.mx\/online\/wp-json\/wp\/v2\/product"}],"about":[{"href":"https:\/\/www.juniors.com.mx\/online\/wp-json\/wp\/v2\/types\/product"}],"wp:featuredmedia":[{"embeddable":true,"href":"https:\/\/www.juniors.com.mx\/online\/wp-json\/wp\/v2\/media\/9820"}],"wp:attachment":[{"href":"https:\/\/www.juniors.com.mx\/online\/wp-json\/wp\/v2\/media?parent=9807"}],"wp:term":[{"taxonomy":"product_brand","embeddable":true,"href":"https:\/\/www.juniors.com.mx\/online\/wp-json\/wp\/v2\/product_brand?post=9807"},{"taxonomy":"product_cat","embeddable":true,"href":"https:\/\/www.juniors.com.mx\/online\/wp-json\/wp\/v2\/product_cat?post=9807"},{"taxonomy":"product_tag","embeddable":true,"href":"https:\/\/www.juniors.com.mx\/online\/wp-json\/wp\/v2\/product_tag?post=9807"}],"curies":[{"name":"wp","href":"https:\/\/api.w.org\/{rel}","templated":true}]}}