{"id":9886,"date":"2025-11-10T00:15:59","date_gmt":"2025-11-10T06:15:59","guid":{"rendered":"https:\/\/www.juniors.com.mx\/online\/?post_type=product&#038;p=9886"},"modified":"2025-11-10T00:35:06","modified_gmt":"2025-11-10T06:35:06","slug":"ropero-olimpico-choc","status":"publish","type":"product","link":"https:\/\/www.juniors.com.mx\/online\/product\/ropero-olimpico-choc\/","title":{"rendered":"Ropero Ol\u00edmpico Choc"},"content":{"rendered":"","protected":false},"excerpt":{"rendered":"<p><span style=\"color: #003366; font-size: 14pt; font-family: arial, helvetica, sans-serif;\"><strong>Ll\u00e9vatelo a cr\u00e9dito o de contado<\/strong><\/span><\/p>\n<p><img loading=\"lazy\" decoding=\"async\" class=\"alignnone size-full wp-image-9484\" src=\"http:\/\/www.juniors.com.mx\/online\/wp-content\/uploads\/2023\/11\/5.png\" alt=\"\" width=\"291\" height=\"237\" \/><\/p>\n<p><span style=\"font-family: arial, helvetica, sans-serif;\"><strong><span style=\"font-size: 14pt; color: #262e75;\">Consulta disponibilidad y precios con t\u00fa asesor, por nuestra l\u00ednea de WhatsApp o visita tu sucursal m\u00e1s cercana. <\/span><\/strong><\/span><\/p>\n","protected":false},"featured_media":9870,"template":"","meta":{"_acf_changed":false,"_joinchat":[]},"product_brand":[],"product_cat":[410],"product_tag":[],"class_list":{"0":"post-9886","1":"product","2":"type-product","3":"status-publish","4":"has-post-thumbnail","6":"product_cat-roperos","7":"pa_marca-hidalgo","9":"first","10":"instock","11":"featured","12":"shipping-taxable","13":"product-type-simple"},"acf":[],"_links":{"self":[{"href":"https:\/\/www.juniors.com.mx\/online\/wp-json\/wp\/v2\/product\/9886","targetHints":{"allow":["GET"]}}],"collection":[{"href":"https:\/\/www.juniors.com.mx\/online\/wp-json\/wp\/v2\/product"}],"about":[{"href":"https:\/\/www.juniors.com.mx\/online\/wp-json\/wp\/v2\/types\/product"}],"wp:featuredmedia":[{"embeddable":true,"href":"https:\/\/www.juniors.com.mx\/online\/wp-json\/wp\/v2\/media\/9870"}],"wp:attachment":[{"href":"https:\/\/www.juniors.com.mx\/online\/wp-json\/wp\/v2\/media?parent=9886"}],"wp:term":[{"taxonomy":"product_brand","embeddable":true,"href":"https:\/\/www.juniors.com.mx\/online\/wp-json\/wp\/v2\/product_brand?post=9886"},{"taxonomy":"product_cat","embeddable":true,"href":"https:\/\/www.juniors.com.mx\/online\/wp-json\/wp\/v2\/product_cat?post=9886"},{"taxonomy":"product_tag","embeddable":true,"href":"https:\/\/www.juniors.com.mx\/online\/wp-json\/wp\/v2\/product_tag?post=9886"}],"curies":[{"name":"wp","href":"https:\/\/api.w.org\/{rel}","templated":true}]}}